{"id":4755,"date":"2020-06-09T10:51:13","date_gmt":"2020-06-09T08:51:13","guid":{"rendered":"https:\/\/uponadream.it\/?page_id=4755"},"modified":"2020-06-09T12:20:56","modified_gmt":"2020-06-09T10:20:56","slug":"app","status":"publish","type":"page","link":"http:\/\/uponadream.it\/en\/app\/","title":{"rendered":"App"},"content":{"rendered":"<div data-elementor-type=\"wp-post\" data-elementor-id=\"4755\" class=\"elementor elementor-4755\">\n\t\t\t\t\t\t\t\t\t<section class=\"elementor-section elementor-top-section elementor-element elementor-element-962aaa2 elementor-section-stretched elementor-section-full_width elementor-section-content-middle elementor-section-height-default elementor-section-height-default qodef-elementor-content-no qodef-content-alignment-no\" data-id=\"962aaa2\" data-element_type=\"section\" data-settings=\"{&quot;stretch_section&quot;:&quot;section-stretched&quot;,&quot;background_background&quot;:&quot;classic&quot;}\">\n\t\t\t\t\t\t<div class=\"elementor-container elementor-column-gap-default\">\n\t\t\t\t\t<div class=\"elementor-column elementor-col-33 elementor-top-column elementor-element elementor-element-9fdd7d2\" data-id=\"9fdd7d2\" data-element_type=\"column\" data-settings=\"{&quot;background_background&quot;:&quot;classic&quot;}\">\n\t\t\t<div class=\"elementor-widget-wrap elementor-element-populated\">\n\t\t\t\t\t\t\t\t<section class=\"elementor-section elementor-inner-section elementor-element elementor-element-215d1f0 elementor-section-boxed elementor-section-height-default elementor-section-height-default qodef-elementor-content-no qodef-content-alignment-no\" data-id=\"215d1f0\" data-element_type=\"section\">\n\t\t\t\t\t\t<div class=\"elementor-container elementor-column-gap-default\">\n\t\t\t\t\t\t\t\t<\/div>\n\t\t<\/section>\n\t\t\t\t<section class=\"elementor-section elementor-inner-section elementor-element elementor-element-a705b7f elementor-section-boxed elementor-section-height-default elementor-section-height-default qodef-elementor-content-no qodef-content-alignment-no\" data-id=\"a705b7f\" data-element_type=\"section\">\n\t\t\t\t\t\t<div class=\"elementor-container elementor-column-gap-default\">\n\t\t\t\t\t<div class=\"elementor-column elementor-col-100 elementor-inner-column elementor-element elementor-element-23c5b49 animated-slow elementor-invisible\" data-id=\"23c5b49\" data-element_type=\"column\" data-settings=\"{&quot;animation&quot;:&quot;fadeInLeft&quot;}\">\n\t\t\t<div class=\"elementor-widget-wrap elementor-element-populated\">\n\t\t\t\t\t\t\t\t<div class=\"elementor-element elementor-element-22813a0 elementor-widget elementor-widget-boldlab_core_section_title\" data-id=\"22813a0\" data-element_type=\"widget\" data-widget_type=\"boldlab_core_section_title.default\">\n\t\t\t\t<div class=\"elementor-widget-container\">\n\t\t\t<div class=\"qodef-shortcode qodef-m  qodef-section-title qodef-alignment--left\">\n\t\t<h2 class=\"qodef-m-title\" >\n\t\t\t\t\tRealt\u00e0 aumentata\t\t\t<\/h2>\n\t<\/div>\t\t<\/div>\n\t\t\t\t<\/div>\n\t\t\t\t<div class=\"elementor-element elementor-element-0594d27 elementor-widget elementor-widget-text-editor\" data-id=\"0594d27\" data-element_type=\"widget\" data-widget_type=\"text-editor.default\">\n\t\t\t\t<div class=\"elementor-widget-container\">\n\t\t\t\t\t\t\t<p><strong>La realt\u00e0 aumentata, o AR, migliora enormemente la nostra capacit\u00e0 di comprendere e applicare informazioni e dati nel mondo reale.<\/strong><\/p>\t\t\t\t\t\t<\/div>\n\t\t\t\t<\/div>\n\t\t\t\t<div class=\"elementor-element elementor-element-bb290cb elementor-widget elementor-widget-text-editor\" data-id=\"bb290cb\" data-element_type=\"widget\" data-widget_type=\"text-editor.default\">\n\t\t\t\t<div class=\"elementor-widget-container\">\n\t\t\t\t\t\t\t<p class=\"font_8\">Le applicazioni AR stanno portando numerose aziende a ridefinire completamente il modo in cui progettano,producono, vendono, gestiscono e supportano i prodotti.<\/p><div>\u00a0<\/div>\t\t\t\t\t\t<\/div>\n\t\t\t\t<\/div>\n\t\t\t\t\t<\/div>\n\t\t<\/div>\n\t\t\t\t\t\t\t<\/div>\n\t\t<\/section>\n\t\t\t\t<div class=\"elementor-element elementor-element-ea99072 elementor-hidden-tablet elementor-hidden-phone elementor-widget elementor-widget-spacer\" data-id=\"ea99072\" data-element_type=\"widget\" data-widget_type=\"spacer.default\">\n\t\t\t\t<div class=\"elementor-widget-container\">\n\t\t\t\t\t<div class=\"elementor-spacer\">\n\t\t\t<div class=\"elementor-spacer-inner\"><\/div>\n\t\t<\/div>\n\t\t\t\t<\/div>\n\t\t\t\t<\/div>\n\t\t\t\t<section class=\"elementor-section elementor-inner-section elementor-element elementor-element-8b266ea elementor-section-boxed elementor-section-height-default elementor-section-height-default qodef-elementor-content-no qodef-content-alignment-no\" data-id=\"8b266ea\" data-element_type=\"section\">\n\t\t\t\t\t\t<div class=\"elementor-container elementor-column-gap-default\">\n\t\t\t\t\t<div class=\"elementor-column elementor-col-100 elementor-inner-column elementor-element elementor-element-2d23c9e animated-slow elementor-invisible\" data-id=\"2d23c9e\" data-element_type=\"column\" data-settings=\"{&quot;animation&quot;:&quot;fadeInLeft&quot;}\">\n\t\t\t<div class=\"elementor-widget-wrap elementor-element-populated\">\n\t\t\t\t\t\t\t\t<div class=\"elementor-element elementor-element-1ae06b7 elementor-widget elementor-widget-boldlab_core_section_title\" data-id=\"1ae06b7\" data-element_type=\"widget\" data-widget_type=\"boldlab_core_section_title.default\">\n\t\t\t\t<div class=\"elementor-widget-container\">\n\t\t\t<div class=\"qodef-shortcode qodef-m  qodef-section-title qodef-alignment--left\">\n\t\t<h2 class=\"qodef-m-title\" >\n\t\t\t\t\tRealt\u00e0 virtuale\t\t\t<\/h2>\n\t<\/div>\t\t<\/div>\n\t\t\t\t<\/div>\n\t\t\t\t<div class=\"elementor-element elementor-element-0c6ef07 elementor-widget elementor-widget-text-editor\" data-id=\"0c6ef07\" data-element_type=\"widget\" data-widget_type=\"text-editor.default\">\n\t\t\t\t<div class=\"elementor-widget-container\">\n\t\t\t\t\t\t\t<p><strong>La VR pone l\u2019utente all\u2019interno di un&#8217; esperienza: invece di visualizzare uno schermo di fronte a loro, gli utenti sono immersi ed in grado di interagire con mondi virtuali in 3D in cui possono essere simulati tutti i sensi.<\/strong><\/p>\t\t\t\t\t\t<\/div>\n\t\t\t\t<\/div>\n\t\t\t\t<div class=\"elementor-element elementor-element-72088ac elementor-widget elementor-widget-text-editor\" data-id=\"72088ac\" data-element_type=\"widget\" data-widget_type=\"text-editor.default\">\n\t\t\t\t<div class=\"elementor-widget-container\">\n\t\t\t\t\t\t\t<p class=\"font_8\">Consente di visitare a distanza mostre, musei e siti archeologici, viene utilizzata per formare giovani medici o per esplorare ed analizzare edifici e strutture da parte di architetti e progettisti.<\/p><div>\u00a0<\/div>\t\t\t\t\t\t<\/div>\n\t\t\t\t<\/div>\n\t\t\t\t\t<\/div>\n\t\t<\/div>\n\t\t\t\t\t\t\t<\/div>\n\t\t<\/section>\n\t\t\t\t\t<\/div>\n\t\t<\/div>\n\t\t\t\t<div class=\"elementor-column elementor-col-33 elementor-top-column elementor-element elementor-element-3889276\" data-id=\"3889276\" data-element_type=\"column\" data-settings=\"{&quot;background_background&quot;:&quot;classic&quot;}\">\n\t\t\t<div class=\"elementor-widget-wrap elementor-element-populated\">\n\t\t\t\t\t\t\t\t<div class=\"elementor-element elementor-element-2fa8d42 elementor-widget elementor-widget-video\" data-id=\"2fa8d42\" data-element_type=\"widget\" data-settings=\"{&quot;video_type&quot;:&quot;vimeo&quot;,&quot;show_image_overlay&quot;:&quot;yes&quot;,&quot;image_overlay&quot;:{&quot;url&quot;:&quot;http:\\\/\\\/uptoyou.video\\\/nuovosito\\\/wp-content\\\/uploads\\\/2020\\\/05\\\/SFONDO-TRASPARENTE.png&quot;,&quot;id&quot;:4151,&quot;size&quot;:&quot;&quot;},&quot;lightbox&quot;:&quot;yes&quot;,&quot;lightbox_content_animation&quot;:&quot;zoomIn&quot;,&quot;play_on_mobile&quot;:&quot;yes&quot;}\" data-widget_type=\"video.default\">\n\t\t\t\t<div class=\"elementor-widget-container\">\n\t\t\t\t\t<div class=\"elementor-wrapper elementor-open-lightbox\">\n\t\t\t\t\t\t\t<div class=\"elementor-custom-embed-image-overlay\" data-elementor-open-lightbox=\"yes\" data-elementor-lightbox=\"{&quot;type&quot;:&quot;video&quot;,&quot;videoType&quot;:&quot;vimeo&quot;,&quot;url&quot;:&quot;https:\\\/\\\/player.vimeo.com\\\/video\\\/373094953?color&amp;autopause=0&amp;loop=0&amp;muted=0&amp;title=0&amp;portrait=0&amp;byline=0&amp;h=c01056c893#t=&quot;,&quot;modalOptions&quot;:{&quot;id&quot;:&quot;elementor-lightbox-2fa8d42&quot;,&quot;entranceAnimation&quot;:&quot;zoomIn&quot;,&quot;entranceAnimation_tablet&quot;:&quot;&quot;,&quot;entranceAnimation_mobile&quot;:&quot;&quot;,&quot;videoAspectRatio&quot;:&quot;169&quot;}}\" data-e-action-hash=\"#elementor-action%3Aaction%3Dlightbox%26settings%3DeyJ0eXBlIjoidmlkZW8iLCJ2aWRlb1R5cGUiOiJ2aW1lbyIsInVybCI6Imh0dHBzOlwvXC9wbGF5ZXIudmltZW8uY29tXC92aWRlb1wvMzczMDk0OTUzP2NvbG9yJmF1dG9wYXVzZT0wJmxvb3A9MCZtdXRlZD0wJnRpdGxlPTAmcG9ydHJhaXQ9MCZieWxpbmU9MCZoPWMwMTA1NmM4OTMjdD0iLCJtb2RhbE9wdGlvbnMiOnsiaWQiOiJlbGVtZW50b3ItbGlnaHRib3gtMmZhOGQ0MiIsImVudHJhbmNlQW5pbWF0aW9uIjoiem9vbUluIiwiZW50cmFuY2VBbmltYXRpb25fdGFibGV0IjoiIiwiZW50cmFuY2VBbmltYXRpb25fbW9iaWxlIjoiIiwidmlkZW9Bc3BlY3RSYXRpbyI6IjE2OSJ9fQ%3D%3D\">\n\t\t\t\t\t\t\t\t\t\t\t<img fetchpriority=\"high\" decoding=\"async\" width=\"650\" height=\"1080\" src=\"https:\/\/uponadream.it\/wp-content\/uploads\/2020\/05\/SFONDO-TRASPARENTE-650x1080.png\" class=\"attachment-boldlab_image_size_portrait size-boldlab_image_size_portrait wp-image-4151\" alt=\"\" \/>\t\t\t\t\t\t\t\t\t\t\t\t\t\t\t\t<div class=\"elementor-custom-embed-play\" role=\"button\" aria-label=\"Play Video\" tabindex=\"0\">\n\t\t\t\t\t\t\t<i aria-hidden=\"true\" class=\"eicon-play\"><\/i>\t\t\t\t\t\t\t<span class=\"elementor-screen-only\">Play Video<\/span>\n\t\t\t\t\t\t<\/div>\n\t\t\t\t\t\t\t\t\t<\/div>\n\t\t\t\t\t<\/div>\n\t\t\t\t<\/div>\n\t\t\t\t<\/div>\n\t\t\t\t\t<\/div>\n\t\t<\/div>\n\t\t\t\t<div class=\"elementor-column elementor-col-33 elementor-top-column elementor-element elementor-element-e4967df\" data-id=\"e4967df\" data-element_type=\"column\" data-settings=\"{&quot;background_background&quot;:&quot;classic&quot;}\">\n\t\t\t<div class=\"elementor-widget-wrap elementor-element-populated\">\n\t\t\t\t\t\t\t\t<div class=\"elementor-element elementor-element-d76ad3e elementor-widget elementor-widget-video\" data-id=\"d76ad3e\" data-element_type=\"widget\" data-settings=\"{&quot;video_type&quot;:&quot;vimeo&quot;,&quot;show_image_overlay&quot;:&quot;yes&quot;,&quot;image_overlay&quot;:{&quot;url&quot;:&quot;http:\\\/\\\/uptoyou.video\\\/nuovosito\\\/wp-content\\\/uploads\\\/2020\\\/05\\\/SFONDO-TRASPARENTE.png&quot;,&quot;id&quot;:4151,&quot;size&quot;:&quot;&quot;},&quot;lightbox&quot;:&quot;yes&quot;,&quot;lightbox_content_animation&quot;:&quot;zoomIn&quot;,&quot;play_on_mobile&quot;:&quot;yes&quot;}\" data-widget_type=\"video.default\">\n\t\t\t\t<div class=\"elementor-widget-container\">\n\t\t\t\t\t<div class=\"elementor-wrapper elementor-open-lightbox\">\n\t\t\t\t\t\t\t<div class=\"elementor-custom-embed-image-overlay\" data-elementor-open-lightbox=\"yes\" data-elementor-lightbox=\"{&quot;type&quot;:&quot;video&quot;,&quot;videoType&quot;:&quot;vimeo&quot;,&quot;url&quot;:&quot;https:\\\/\\\/player.vimeo.com\\\/video\\\/315880881?color&amp;autopause=0&amp;loop=0&amp;muted=0&amp;title=0&amp;portrait=0&amp;byline=0#t=&quot;,&quot;modalOptions&quot;:{&quot;id&quot;:&quot;elementor-lightbox-d76ad3e&quot;,&quot;entranceAnimation&quot;:&quot;zoomIn&quot;,&quot;entranceAnimation_tablet&quot;:&quot;&quot;,&quot;entranceAnimation_mobile&quot;:&quot;&quot;,&quot;videoAspectRatio&quot;:&quot;169&quot;}}\" data-e-action-hash=\"#elementor-action%3Aaction%3Dlightbox%26settings%3DeyJ0eXBlIjoidmlkZW8iLCJ2aWRlb1R5cGUiOiJ2aW1lbyIsInVybCI6Imh0dHBzOlwvXC9wbGF5ZXIudmltZW8uY29tXC92aWRlb1wvMzE1ODgwODgxP2NvbG9yJmF1dG9wYXVzZT0wJmxvb3A9MCZtdXRlZD0wJnRpdGxlPTAmcG9ydHJhaXQ9MCZieWxpbmU9MCN0PSIsIm1vZGFsT3B0aW9ucyI6eyJpZCI6ImVsZW1lbnRvci1saWdodGJveC1kNzZhZDNlIiwiZW50cmFuY2VBbmltYXRpb24iOiJ6b29tSW4iLCJlbnRyYW5jZUFuaW1hdGlvbl90YWJsZXQiOiIiLCJlbnRyYW5jZUFuaW1hdGlvbl9tb2JpbGUiOiIiLCJ2aWRlb0FzcGVjdFJhdGlvIjoiMTY5In19\">\n\t\t\t\t\t\t\t\t\t\t\t<img fetchpriority=\"high\" decoding=\"async\" width=\"650\" height=\"1080\" src=\"https:\/\/uponadream.it\/wp-content\/uploads\/2020\/05\/SFONDO-TRASPARENTE-650x1080.png\" class=\"attachment-boldlab_image_size_portrait size-boldlab_image_size_portrait wp-image-4151\" alt=\"\" \/>\t\t\t\t\t\t\t\t\t\t\t\t\t\t\t\t<div class=\"elementor-custom-embed-play\" role=\"button\" aria-label=\"Play Video\" tabindex=\"0\">\n\t\t\t\t\t\t\t<i aria-hidden=\"true\" class=\"eicon-play\"><\/i>\t\t\t\t\t\t\t<span class=\"elementor-screen-only\">Play Video<\/span>\n\t\t\t\t\t\t<\/div>\n\t\t\t\t\t\t\t\t\t<\/div>\n\t\t\t\t\t<\/div>\n\t\t\t\t<\/div>\n\t\t\t\t<\/div>\n\t\t\t\t\t<\/div>\n\t\t<\/div>\n\t\t\t\t\t\t\t<\/div>\n\t\t<\/section>\n\t\t\t\t\t\t\t<\/div>","protected":false},"excerpt":{"rendered":"<p>Realt\u00e0 aumentata La realt\u00e0 aumentata, o AR, migliora enormemente la nostra capacit\u00e0 di comprendere e applicare informazioni e dati nel mondo reale. Le applicazioni AR stanno portando numerose aziende a ridefinire completamente il modo in cui progettano,producono, vendono, gestiscono e supportano i prodotti. \u00a0 Realt\u00e0 virtuale La VR pone l\u2019utente all\u2019interno di un&#8217; esperienza: invece [&hellip;]<\/p>","protected":false},"author":1,"featured_media":0,"parent":0,"menu_order":0,"comment_status":"closed","ping_status":"closed","template":"","meta":{"footnotes":""},"yoast_head":"<!-- This site is optimized with the Yoast SEO plugin v21.7 - https:\/\/yoast.com\/wordpress\/plugins\/seo\/ -->\n<title>App - Uponadream Studios | Video aziendali e Animazione 3D<\/title>\n<meta name=\"robots\" content=\"index, follow, max-snippet:-1, max-image-preview:large, max-video-preview:-1\" \/>\n<link rel=\"canonical\" href=\"http:\/\/uponadream.it\/en\/app\/\" \/>\n<meta property=\"og:locale\" content=\"en_GB\" \/>\n<meta property=\"og:type\" content=\"article\" \/>\n<meta property=\"og:title\" content=\"App - Uponadream Studios | Video aziendali e Animazione 3D\" \/>\n<meta property=\"og:description\" content=\"Realt\u00e0 aumentata La realt\u00e0 aumentata, o AR, migliora enormemente la nostra capacit\u00e0 di comprendere e applicare informazioni e dati nel mondo reale. Le applicazioni AR stanno portando numerose aziende a ridefinire completamente il modo in cui progettano,producono, vendono, gestiscono e supportano i prodotti. \u00a0 Realt\u00e0 virtuale La VR pone l\u2019utente all\u2019interno di un&#8217; esperienza: invece [&hellip;]\" \/>\n<meta property=\"og:url\" content=\"http:\/\/uponadream.it\/en\/app\/\" \/>\n<meta property=\"og:site_name\" content=\"Uponadream Studios | Video aziendali e Animazione 3D\" \/>\n<meta property=\"article:publisher\" content=\"https:\/\/www.facebook.com\/uponadream.studios\/\" \/>\n<meta property=\"article:modified_time\" content=\"2020-06-09T10:20:56+00:00\" \/>\n<meta name=\"twitter:card\" content=\"summary_large_image\" \/>\n<meta name=\"twitter:label1\" content=\"Estimated reading time\" \/>\n\t<meta name=\"twitter:data1\" content=\"1 minute\" \/>\n<script type=\"application\/ld+json\" class=\"yoast-schema-graph\">{\"@context\":\"https:\/\/schema.org\",\"@graph\":[{\"@type\":\"WebPage\",\"@id\":\"https:\/\/uponadream.it\/app\/\",\"url\":\"https:\/\/uponadream.it\/app\/\",\"name\":\"App - Uponadream Studios | Video aziendali e Animazione 3D\",\"isPartOf\":{\"@id\":\"https:\/\/uponadream.it\/#website\"},\"datePublished\":\"2020-06-09T08:51:13+00:00\",\"dateModified\":\"2020-06-09T10:20:56+00:00\",\"breadcrumb\":{\"@id\":\"https:\/\/uponadream.it\/app\/#breadcrumb\"},\"inLanguage\":\"en-GB\",\"potentialAction\":[{\"@type\":\"ReadAction\",\"target\":[\"https:\/\/uponadream.it\/app\/\"]}]},{\"@type\":\"BreadcrumbList\",\"@id\":\"https:\/\/uponadream.it\/app\/#breadcrumb\",\"itemListElement\":[{\"@type\":\"ListItem\",\"position\":1,\"name\":\"Home\",\"item\":\"https:\/\/uponadream.it\/\"},{\"@type\":\"ListItem\",\"position\":2,\"name\":\"App\"}]},{\"@type\":\"WebSite\",\"@id\":\"https:\/\/uponadream.it\/#website\",\"url\":\"https:\/\/uponadream.it\/\",\"name\":\"Uponadream Studios | Video aziendali e Animazione 3D\",\"description\":\"Realizziamo video aziendali e spot, Rendering e Animazioni 3D, VFX, Riprese in drone. Contattaci per una consulenza gratuita.\",\"publisher\":{\"@id\":\"https:\/\/uponadream.it\/#organization\"},\"potentialAction\":[{\"@type\":\"SearchAction\",\"target\":{\"@type\":\"EntryPoint\",\"urlTemplate\":\"https:\/\/uponadream.it\/?s={search_term_string}\"},\"query-input\":\"required name=search_term_string\"}],\"inLanguage\":\"en-GB\"},{\"@type\":\"Organization\",\"@id\":\"https:\/\/uponadream.it\/#organization\",\"name\":\"Uponadream Studios snc\",\"url\":\"https:\/\/uponadream.it\/\",\"logo\":{\"@type\":\"ImageObject\",\"inLanguage\":\"en-GB\",\"@id\":\"https:\/\/uponadream.it\/#\/schema\/logo\/image\/\",\"url\":\"https:\/\/uponadream.it\/wp-content\/uploads\/2020\/05\/simbolo.png\",\"contentUrl\":\"https:\/\/uponadream.it\/wp-content\/uploads\/2020\/05\/simbolo.png\",\"width\":500,\"height\":500,\"caption\":\"Uponadream Studios snc\"},\"image\":{\"@id\":\"https:\/\/uponadream.it\/#\/schema\/logo\/image\/\"},\"sameAs\":[\"https:\/\/www.facebook.com\/uponadream.studios\/\",\"https:\/\/www.instagram.com\/uponadream_studios\/\",\"https:\/\/www.linkedin.com\/company\/11156811\"]}]}<\/script>\n<!-- \/ Yoast SEO plugin. -->","yoast_head_json":{"title":"App - Uponadream Studios | Video aziendali e Animazione 3D","robots":{"index":"index","follow":"follow","max-snippet":"max-snippet:-1","max-image-preview":"max-image-preview:large","max-video-preview":"max-video-preview:-1"},"canonical":"http:\/\/uponadream.it\/en\/app\/","og_locale":"en_GB","og_type":"article","og_title":"App - Uponadream Studios | Video aziendali e Animazione 3D","og_description":"Realt\u00e0 aumentata La realt\u00e0 aumentata, o AR, migliora enormemente la nostra capacit\u00e0 di comprendere e applicare informazioni e dati nel mondo reale. Le applicazioni AR stanno portando numerose aziende a ridefinire completamente il modo in cui progettano,producono, vendono, gestiscono e supportano i prodotti. \u00a0 Realt\u00e0 virtuale La VR pone l\u2019utente all\u2019interno di un&#8217; esperienza: invece [&hellip;]","og_url":"http:\/\/uponadream.it\/en\/app\/","og_site_name":"Uponadream Studios | Video aziendali e Animazione 3D","article_publisher":"https:\/\/www.facebook.com\/uponadream.studios\/","article_modified_time":"2020-06-09T10:20:56+00:00","twitter_card":"summary_large_image","twitter_misc":{"Estimated reading time":"1 minute"},"schema":{"@context":"https:\/\/schema.org","@graph":[{"@type":"WebPage","@id":"https:\/\/uponadream.it\/app\/","url":"https:\/\/uponadream.it\/app\/","name":"App - Uponadream Studios | Video aziendali e Animazione 3D","isPartOf":{"@id":"https:\/\/uponadream.it\/#website"},"datePublished":"2020-06-09T08:51:13+00:00","dateModified":"2020-06-09T10:20:56+00:00","breadcrumb":{"@id":"https:\/\/uponadream.it\/app\/#breadcrumb"},"inLanguage":"en-GB","potentialAction":[{"@type":"ReadAction","target":["https:\/\/uponadream.it\/app\/"]}]},{"@type":"BreadcrumbList","@id":"https:\/\/uponadream.it\/app\/#breadcrumb","itemListElement":[{"@type":"ListItem","position":1,"name":"Home","item":"https:\/\/uponadream.it\/"},{"@type":"ListItem","position":2,"name":"App"}]},{"@type":"WebSite","@id":"https:\/\/uponadream.it\/#website","url":"https:\/\/uponadream.it\/","name":"Uponadream Studios | Video aziendali e Animazione 3D","description":"Realizziamo video aziendali e spot, Rendering e Animazioni 3D, VFX, Riprese in drone. Contattaci per una consulenza gratuita.","publisher":{"@id":"https:\/\/uponadream.it\/#organization"},"potentialAction":[{"@type":"SearchAction","target":{"@type":"EntryPoint","urlTemplate":"https:\/\/uponadream.it\/?s={search_term_string}"},"query-input":"required name=search_term_string"}],"inLanguage":"en-GB"},{"@type":"Organization","@id":"https:\/\/uponadream.it\/#organization","name":"Uponadream Studios snc","url":"https:\/\/uponadream.it\/","logo":{"@type":"ImageObject","inLanguage":"en-GB","@id":"https:\/\/uponadream.it\/#\/schema\/logo\/image\/","url":"https:\/\/uponadream.it\/wp-content\/uploads\/2020\/05\/simbolo.png","contentUrl":"https:\/\/uponadream.it\/wp-content\/uploads\/2020\/05\/simbolo.png","width":500,"height":500,"caption":"Uponadream Studios snc"},"image":{"@id":"https:\/\/uponadream.it\/#\/schema\/logo\/image\/"},"sameAs":["https:\/\/www.facebook.com\/uponadream.studios\/","https:\/\/www.instagram.com\/uponadream_studios\/","https:\/\/www.linkedin.com\/company\/11156811"]}]}},"_links":{"self":[{"href":"http:\/\/uponadream.it\/en\/wp-json\/wp\/v2\/pages\/4755"}],"collection":[{"href":"http:\/\/uponadream.it\/en\/wp-json\/wp\/v2\/pages"}],"about":[{"href":"http:\/\/uponadream.it\/en\/wp-json\/wp\/v2\/types\/page"}],"author":[{"embeddable":true,"href":"http:\/\/uponadream.it\/en\/wp-json\/wp\/v2\/users\/1"}],"replies":[{"embeddable":true,"href":"http:\/\/uponadream.it\/en\/wp-json\/wp\/v2\/comments?post=4755"}],"version-history":[{"count":5,"href":"http:\/\/uponadream.it\/en\/wp-json\/wp\/v2\/pages\/4755\/revisions"}],"predecessor-version":[{"id":4766,"href":"http:\/\/uponadream.it\/en\/wp-json\/wp\/v2\/pages\/4755\/revisions\/4766"}],"wp:attachment":[{"href":"http:\/\/uponadream.it\/en\/wp-json\/wp\/v2\/media?parent=4755"}],"curies":[{"name":"wp","href":"https:\/\/api.w.org\/{rel}","templated":true}]}}