{"id":4342,"date":"2020-05-14T17:43:20","date_gmt":"2020-05-14T15:43:20","guid":{"rendered":"http:\/\/uptoyou.video\/nuovosito\/?page_id=4342"},"modified":"2022-10-15T19:32:58","modified_gmt":"2022-10-15T17:32:58","slug":"chisiamo","status":"publish","type":"page","link":"https:\/\/uponadream.it\/en\/chisiamo\/","title":{"rendered":"About us"},"content":{"rendered":"<div data-elementor-type=\"wp-post\" data-elementor-id=\"4342\" class=\"elementor elementor-4342\">\n\t\t\t\t\t\t\t\t\t<section class=\"elementor-section elementor-top-section elementor-element elementor-element-c1955f1 elementor-section-stretched elementor-section-height-full elementor-section-boxed elementor-section-height-default elementor-section-items-middle qodef-elementor-content-no qodef-content-alignment-no\" data-id=\"c1955f1\" data-element_type=\"section\" data-settings=\"{&quot;background_background&quot;:&quot;classic&quot;,&quot;stretch_section&quot;:&quot;section-stretched&quot;}\">\n\t\t\t\t\t\t<div class=\"elementor-container elementor-column-gap-narrow\">\n\t\t\t\t\t<div class=\"elementor-column elementor-col-25 elementor-top-column elementor-element elementor-element-db9b6b0\" data-id=\"db9b6b0\" data-element_type=\"column\">\n\t\t\t<div class=\"elementor-widget-wrap elementor-element-populated\">\n\t\t\t\t\t\t\t\t<div class=\"elementor-element elementor-element-8fe13d2 elementor-hidden-tablet elementor-hidden-phone elementor-widget elementor-widget-e_image_hover_effects\" data-id=\"8fe13d2\" data-element_type=\"widget\" data-widget_type=\"e_image_hover_effects.default\">\n\t\t\t\t<div class=\"elementor-widget-container\">\n\t\t\t\t\t\t<div class=\"eihe-box eihe-fade-in-up eihe_center\">\n\t\t\t\t<img fetchpriority=\"high\" decoding=\"async\" width=\"711\" height=\"1080\" src=\"https:\/\/uponadream.it\/wp-content\/uploads\/2020\/05\/SFONDO-TRASPARENTE.png\" class=\"attachment-full size-full wp-image-4151\" alt=\"\" srcset=\"https:\/\/uponadream.it\/wp-content\/uploads\/2020\/05\/SFONDO-TRASPARENTE.png 711w, https:\/\/uponadream.it\/wp-content\/uploads\/2020\/05\/SFONDO-TRASPARENTE-198x300.png 198w, https:\/\/uponadream.it\/wp-content\/uploads\/2020\/05\/SFONDO-TRASPARENTE-674x1024.png 674w, https:\/\/uponadream.it\/wp-content\/uploads\/2020\/05\/SFONDO-TRASPARENTE-600x911.png 600w\" sizes=\"(max-width: 711px) 100vw, 711px\" \/>\t\t\t\t<div class=\"eihe-caption\">\n\t\t\t\t\t<div class=\"eihe-title-cover\">\n\t\t\t\t\t\t\t\t\t\t\t\t<h3 class=\"eihe-title\">GIULIO VENIER<\/h3>\n\t\t\t\t\t\t\t\t\t\t\t<\/div>\n\t\t\t\t\t<p>Project manager<\/p>\n\t\t\t\t<\/div>\n\t\t\t<\/div>\n\t\t\t\t<\/div>\n\t\t\t\t<\/div>\n\t\t\t\t\t<\/div>\n\t\t<\/div>\n\t\t\t\t<div class=\"elementor-column elementor-col-25 elementor-top-column elementor-element elementor-element-066a4ea\" data-id=\"066a4ea\" data-element_type=\"column\">\n\t\t\t<div class=\"elementor-widget-wrap elementor-element-populated\">\n\t\t\t\t\t\t\t\t<div class=\"elementor-element elementor-element-f54b1af elementor-hidden-tablet elementor-hidden-phone elementor-widget elementor-widget-e_image_hover_effects\" data-id=\"f54b1af\" data-element_type=\"widget\" data-widget_type=\"e_image_hover_effects.default\">\n\t\t\t\t<div class=\"elementor-widget-container\">\n\t\t\t\t\t\t<div class=\"eihe-box eihe-fade-in-up eihe_center\">\n\t\t\t\t<img fetchpriority=\"high\" decoding=\"async\" width=\"711\" height=\"1080\" src=\"https:\/\/uponadream.it\/wp-content\/uploads\/2020\/05\/SFONDO-TRASPARENTE.png\" class=\"attachment-full size-full wp-image-4151\" alt=\"\" srcset=\"https:\/\/uponadream.it\/wp-content\/uploads\/2020\/05\/SFONDO-TRASPARENTE.png 711w, https:\/\/uponadream.it\/wp-content\/uploads\/2020\/05\/SFONDO-TRASPARENTE-198x300.png 198w, https:\/\/uponadream.it\/wp-content\/uploads\/2020\/05\/SFONDO-TRASPARENTE-674x1024.png 674w, https:\/\/uponadream.it\/wp-content\/uploads\/2020\/05\/SFONDO-TRASPARENTE-600x911.png 600w\" sizes=\"(max-width: 711px) 100vw, 711px\" \/>\t\t\t\t<div class=\"eihe-caption\">\n\t\t\t\t\t<div class=\"eihe-title-cover\">\n\t\t\t\t\t\t\t\t\t\t\t\t<h3 class=\"eihe-title\">JUAN D'AURIA<\/h3>\n\t\t\t\t\t\t\t\t\t\t\t<\/div>\n\t\t\t\t\t<p>Dop \/ Editor<\/p>\n\t\t\t\t<\/div>\n\t\t\t<\/div>\n\t\t\t\t<\/div>\n\t\t\t\t<\/div>\n\t\t\t\t\t<\/div>\n\t\t<\/div>\n\t\t\t\t<div class=\"elementor-column elementor-col-25 elementor-top-column elementor-element elementor-element-3fbe6d9\" data-id=\"3fbe6d9\" data-element_type=\"column\">\n\t\t\t<div class=\"elementor-widget-wrap elementor-element-populated\">\n\t\t\t\t\t\t\t\t<div class=\"elementor-element elementor-element-4f11770 elementor-hidden-tablet elementor-hidden-phone elementor-widget elementor-widget-e_image_hover_effects\" data-id=\"4f11770\" data-element_type=\"widget\" data-widget_type=\"e_image_hover_effects.default\">\n\t\t\t\t<div class=\"elementor-widget-container\">\n\t\t\t\t\t\t<div class=\"eihe-box eihe-fade-in-up eihe_center\">\n\t\t\t\t<img fetchpriority=\"high\" decoding=\"async\" width=\"711\" height=\"1080\" src=\"https:\/\/uponadream.it\/wp-content\/uploads\/2020\/05\/SFONDO-TRASPARENTE.png\" class=\"attachment-full size-full wp-image-4151\" alt=\"\" srcset=\"https:\/\/uponadream.it\/wp-content\/uploads\/2020\/05\/SFONDO-TRASPARENTE.png 711w, https:\/\/uponadream.it\/wp-content\/uploads\/2020\/05\/SFONDO-TRASPARENTE-198x300.png 198w, https:\/\/uponadream.it\/wp-content\/uploads\/2020\/05\/SFONDO-TRASPARENTE-674x1024.png 674w, https:\/\/uponadream.it\/wp-content\/uploads\/2020\/05\/SFONDO-TRASPARENTE-600x911.png 600w\" sizes=\"(max-width: 711px) 100vw, 711px\" \/>\t\t\t\t<div class=\"eihe-caption\">\n\t\t\t\t\t<div class=\"eihe-title-cover\">\n\t\t\t\t\t\t\t\t\t\t\t\t<h3 class=\"eihe-title\">MARCO LONDERO<\/h3>\n\t\t\t\t\t\t\t\t\t\t\t<\/div>\n\t\t\t\t\t<p>3D \/ VFX artist<\/p>\n\t\t\t\t<\/div>\n\t\t\t<\/div>\n\t\t\t\t<\/div>\n\t\t\t\t<\/div>\n\t\t\t\t\t<\/div>\n\t\t<\/div>\n\t\t\t\t<div class=\"elementor-column elementor-col-25 elementor-top-column elementor-element elementor-element-04889ce\" data-id=\"04889ce\" data-element_type=\"column\">\n\t\t\t<div class=\"elementor-widget-wrap\">\n\t\t\t\t\t\t\t\t\t<\/div>\n\t\t<\/div>\n\t\t\t\t\t\t\t<\/div>\n\t\t<\/section>\n\t\t\t\t<section class=\"elementor-section elementor-top-section elementor-element elementor-element-7646bb3 elementor-section-stretched elementor-hidden-desktop elementor-hidden-tablet elementor-section-boxed elementor-section-height-default elementor-section-height-default qodef-elementor-content-no qodef-content-alignment-no\" data-id=\"7646bb3\" data-element_type=\"section\" data-settings=\"{&quot;stretch_section&quot;:&quot;section-stretched&quot;}\">\n\t\t\t\t\t\t<div class=\"elementor-container elementor-column-gap-default\">\n\t\t\t\t\t<div class=\"elementor-column elementor-col-100 elementor-top-column elementor-element elementor-element-73635d5\" data-id=\"73635d5\" data-element_type=\"column\">\n\t\t\t<div class=\"elementor-widget-wrap elementor-element-populated\">\n\t\t\t\t\t\t\t\t<div class=\"elementor-element elementor-element-16fa042 elementor-widget elementor-widget-image\" data-id=\"16fa042\" data-element_type=\"widget\" data-widget_type=\"image.default\">\n\t\t\t\t<div class=\"elementor-widget-container\">\n\t\t\t\t\t\t\t\t\t\t\t\t\t\t\t<img decoding=\"async\" width=\"1024\" height=\"685\" src=\"https:\/\/uponadream.it\/wp-content\/uploads\/2020\/05\/Upon-a-dream_crop2-e1589451712201-1024x685.jpg\" class=\"attachment-large size-large wp-image-4243\" alt=\"\" srcset=\"https:\/\/uponadream.it\/wp-content\/uploads\/2020\/05\/Upon-a-dream_crop2-e1589451712201-1024x685.jpg 1024w, https:\/\/uponadream.it\/wp-content\/uploads\/2020\/05\/Upon-a-dream_crop2-e1589451712201-300x201.jpg 300w, https:\/\/uponadream.it\/wp-content\/uploads\/2020\/05\/Upon-a-dream_crop2-e1589451712201-768x514.jpg 768w, https:\/\/uponadream.it\/wp-content\/uploads\/2020\/05\/Upon-a-dream_crop2-e1589451712201-600x402.jpg 600w, https:\/\/uponadream.it\/wp-content\/uploads\/2020\/05\/Upon-a-dream_crop2-e1589451712201.jpg 1346w\" sizes=\"(max-width: 1024px) 100vw, 1024px\" \/>\t\t\t\t\t\t\t\t\t\t\t\t\t\t\t<\/div>\n\t\t\t\t<\/div>\n\t\t\t\t\t<\/div>\n\t\t<\/div>\n\t\t\t\t\t\t\t<\/div>\n\t\t<\/section>\n\t\t\t\t<section class=\"elementor-section elementor-top-section elementor-element elementor-element-62a1ccc elementor-section-full_width elementor-section-height-min-height elementor-section-height-default elementor-section-items-middle qodef-elementor-content-no qodef-content-alignment-no\" data-id=\"62a1ccc\" data-element_type=\"section\">\n\t\t\t\t\t\t\t<div class=\"elementor-background-overlay\"><\/div>\n\t\t\t\t\t\t\t<div class=\"elementor-container elementor-column-gap-default\">\n\t\t\t\t\t<div class=\"elementor-column elementor-col-100 elementor-top-column elementor-element elementor-element-9e208d8\" data-id=\"9e208d8\" data-element_type=\"column\">\n\t\t\t<div class=\"elementor-widget-wrap elementor-element-populated\">\n\t\t\t\t\t\t\t\t<div class=\"elementor-element elementor-element-beaf503 elementor-widget elementor-widget-boldlab_core_highlight\" data-id=\"beaf503\" data-element_type=\"widget\" data-widget_type=\"boldlab_core_highlight.default\">\n\t\t\t\t<div class=\"elementor-widget-container\">\n\t\t\t<h6 class=\"qodef-shortcode qodef-m  qodef-highlight\" >\n\t\t\tFrom the faces you\u2019d never know, but we manage to stay on our feet since 2008. \nUponadream studios is a video, animation and VFX production company based on creativity and the capacity to adapt to any climate change. \n\nFor each project we create a tailor-made work crew by choosing among our territory\u2019s top resources, but not only.\n\nWe take care of every single production detail, from the script to the post\u2014production: idea, makeup, costumes, shootings, editing, VFX, graphics, soundtracks, sound design, up to the final product delivery.\t<\/h6>\t\t<\/div>\n\t\t\t\t<\/div>\n\t\t\t\t\t<\/div>\n\t\t<\/div>\n\t\t\t\t\t\t\t<\/div>\n\t\t<\/section>\n\t\t\t\t<section class=\"elementor-section elementor-top-section elementor-element elementor-element-2a30123 elementor-section-boxed elementor-section-height-default elementor-section-height-default qodef-elementor-content-no qodef-content-alignment-no\" data-id=\"2a30123\" data-element_type=\"section\">\n\t\t\t\t\t\t<div class=\"elementor-container elementor-column-gap-default\">\n\t\t\t\t\t<div class=\"elementor-column elementor-col-100 elementor-top-column elementor-element elementor-element-8e53ca5\" data-id=\"8e53ca5\" data-element_type=\"column\">\n\t\t\t<div class=\"elementor-widget-wrap\">\n\t\t\t\t\t\t\t\t\t<\/div>\n\t\t<\/div>\n\t\t\t\t\t\t\t<\/div>\n\t\t<\/section>\n\t\t\t\t<section class=\"elementor-section elementor-top-section elementor-element elementor-element-2ab6a3d elementor-section-stretched elementor-section-full_width elementor-hidden-phone elementor-section-height-default elementor-section-height-default qodef-elementor-content-no qodef-content-alignment-no\" data-id=\"2ab6a3d\" data-element_type=\"section\" data-settings=\"{&quot;stretch_section&quot;:&quot;section-stretched&quot;}\">\n\t\t\t\t\t\t\t<div class=\"elementor-background-overlay\"><\/div>\n\t\t\t\t\t\t\t<div class=\"elementor-container elementor-column-gap-default\">\n\t\t\t\t\t<div class=\"elementor-column elementor-col-100 elementor-top-column elementor-element elementor-element-74ad0c2\" data-id=\"74ad0c2\" data-element_type=\"column\" data-settings=\"{&quot;background_background&quot;:&quot;classic&quot;}\">\n\t\t\t<div class=\"elementor-widget-wrap elementor-element-populated\">\n\t\t\t\t\t\t\t\t<div class=\"elementor-element elementor-element-437c0c3 elementor-hidden-phone elementor-widget elementor-widget-spacer\" data-id=\"437c0c3\" data-element_type=\"widget\" data-widget_type=\"spacer.default\">\n\t\t\t\t<div class=\"elementor-widget-container\">\n\t\t\t\t\t<div class=\"elementor-spacer\">\n\t\t\t<div class=\"elementor-spacer-inner\"><\/div>\n\t\t<\/div>\n\t\t\t\t<\/div>\n\t\t\t\t<\/div>\n\t\t\t\t\t<\/div>\n\t\t<\/div>\n\t\t\t\t\t\t\t<\/div>\n\t\t<\/section>\n\t\t\t\t\t\t\t<\/div>","protected":false},"excerpt":{"rendered":"<p>GIULIO VENIER Project manager JUAN D&#8217;AURIA Dop \/ Editor MARCO LONDERO 3D \/ VFX artist Dalle facce non si direbbe, ma riusciamo a restare in piedi dal 2008. Uponadream Studios \u00e8 una casa di produzione video, animazioni e VFX basata sulla creativit\u00e0 e la capacit\u00e0 di adattarsi ad ogni cambiamento climatico. Per ogni progetto creiamo [&hellip;]<\/p>","protected":false},"author":1,"featured_media":0,"parent":0,"menu_order":0,"comment_status":"closed","ping_status":"closed","template":"","meta":{"footnotes":""},"yoast_head":"<!-- This site is optimized with the Yoast SEO plugin v21.7 - https:\/\/yoast.com\/wordpress\/plugins\/seo\/ -->\n<title>Chi siamo - Uponadream Studios | Video aziendali e Animazione 3D<\/title>\n<meta name=\"robots\" content=\"index, follow, max-snippet:-1, max-image-preview:large, max-video-preview:-1\" \/>\n<link rel=\"canonical\" href=\"https:\/\/uponadream.it\/en\/chisiamo\/\" \/>\n<meta property=\"og:locale\" content=\"en_GB\" \/>\n<meta property=\"og:type\" content=\"article\" \/>\n<meta property=\"og:title\" content=\"Chi siamo - Uponadream Studios | Video aziendali e Animazione 3D\" \/>\n<meta property=\"og:description\" content=\"GIULIO VENIER Project manager JUAN D&#8217;AURIA Dop \/ Editor MARCO LONDERO 3D \/ VFX artist Dalle facce non si direbbe, ma riusciamo a restare in piedi dal 2008. Uponadream Studios \u00e8 una casa di produzione video, animazioni e VFX basata sulla creativit\u00e0 e la capacit\u00e0 di adattarsi ad ogni cambiamento climatico. Per ogni progetto creiamo [&hellip;]\" \/>\n<meta property=\"og:url\" content=\"https:\/\/uponadream.it\/en\/chisiamo\/\" \/>\n<meta property=\"og:site_name\" content=\"Uponadream Studios | Video aziendali e Animazione 3D\" \/>\n<meta property=\"article:publisher\" content=\"https:\/\/www.facebook.com\/uponadream.studios\/\" \/>\n<meta property=\"article:modified_time\" content=\"2022-10-15T17:32:58+00:00\" \/>\n<meta property=\"og:image\" content=\"https:\/\/uponadream.it\/wp-content\/uploads\/2020\/05\/SFONDO-TRASPARENTE.png\" \/>\n<meta name=\"twitter:card\" content=\"summary_large_image\" \/>\n<meta name=\"twitter:label1\" content=\"Estimated reading time\" \/>\n\t<meta name=\"twitter:data1\" content=\"2 minutes\" \/>\n<script type=\"application\/ld+json\" class=\"yoast-schema-graph\">{\"@context\":\"https:\/\/schema.org\",\"@graph\":[{\"@type\":\"WebPage\",\"@id\":\"https:\/\/uponadream.it\/chisiamo\/\",\"url\":\"https:\/\/uponadream.it\/chisiamo\/\",\"name\":\"Chi siamo - Uponadream Studios | Video aziendali e Animazione 3D\",\"isPartOf\":{\"@id\":\"https:\/\/uponadream.it\/#website\"},\"datePublished\":\"2020-05-14T15:43:20+00:00\",\"dateModified\":\"2022-10-15T17:32:58+00:00\",\"breadcrumb\":{\"@id\":\"https:\/\/uponadream.it\/chisiamo\/#breadcrumb\"},\"inLanguage\":\"en-GB\",\"potentialAction\":[{\"@type\":\"ReadAction\",\"target\":[\"https:\/\/uponadream.it\/chisiamo\/\"]}]},{\"@type\":\"BreadcrumbList\",\"@id\":\"https:\/\/uponadream.it\/chisiamo\/#breadcrumb\",\"itemListElement\":[{\"@type\":\"ListItem\",\"position\":1,\"name\":\"Home\",\"item\":\"https:\/\/uponadream.it\/\"},{\"@type\":\"ListItem\",\"position\":2,\"name\":\"Chi siamo\"}]},{\"@type\":\"WebSite\",\"@id\":\"https:\/\/uponadream.it\/#website\",\"url\":\"https:\/\/uponadream.it\/\",\"name\":\"Uponadream Studios | Video aziendali e Animazione 3D\",\"description\":\"Realizziamo video aziendali e spot, Rendering e Animazioni 3D, VFX, Riprese in drone. Contattaci per una consulenza gratuita.\",\"publisher\":{\"@id\":\"https:\/\/uponadream.it\/#organization\"},\"potentialAction\":[{\"@type\":\"SearchAction\",\"target\":{\"@type\":\"EntryPoint\",\"urlTemplate\":\"https:\/\/uponadream.it\/?s={search_term_string}\"},\"query-input\":\"required name=search_term_string\"}],\"inLanguage\":\"en-GB\"},{\"@type\":\"Organization\",\"@id\":\"https:\/\/uponadream.it\/#organization\",\"name\":\"Uponadream Studios snc\",\"url\":\"https:\/\/uponadream.it\/\",\"logo\":{\"@type\":\"ImageObject\",\"inLanguage\":\"en-GB\",\"@id\":\"https:\/\/uponadream.it\/#\/schema\/logo\/image\/\",\"url\":\"https:\/\/uponadream.it\/wp-content\/uploads\/2020\/05\/simbolo.png\",\"contentUrl\":\"https:\/\/uponadream.it\/wp-content\/uploads\/2020\/05\/simbolo.png\",\"width\":500,\"height\":500,\"caption\":\"Uponadream Studios snc\"},\"image\":{\"@id\":\"https:\/\/uponadream.it\/#\/schema\/logo\/image\/\"},\"sameAs\":[\"https:\/\/www.facebook.com\/uponadream.studios\/\",\"https:\/\/www.instagram.com\/uponadream_studios\/\",\"https:\/\/www.linkedin.com\/company\/11156811\"]}]}<\/script>\n<!-- \/ Yoast SEO plugin. -->","yoast_head_json":{"title":"Chi siamo - Uponadream Studios | Video aziendali e Animazione 3D","robots":{"index":"index","follow":"follow","max-snippet":"max-snippet:-1","max-image-preview":"max-image-preview:large","max-video-preview":"max-video-preview:-1"},"canonical":"https:\/\/uponadream.it\/en\/chisiamo\/","og_locale":"en_GB","og_type":"article","og_title":"Chi siamo - Uponadream Studios | Video aziendali e Animazione 3D","og_description":"GIULIO VENIER Project manager JUAN D&#8217;AURIA Dop \/ Editor MARCO LONDERO 3D \/ VFX artist Dalle facce non si direbbe, ma riusciamo a restare in piedi dal 2008. Uponadream Studios \u00e8 una casa di produzione video, animazioni e VFX basata sulla creativit\u00e0 e la capacit\u00e0 di adattarsi ad ogni cambiamento climatico. Per ogni progetto creiamo [&hellip;]","og_url":"https:\/\/uponadream.it\/en\/chisiamo\/","og_site_name":"Uponadream Studios | Video aziendali e Animazione 3D","article_publisher":"https:\/\/www.facebook.com\/uponadream.studios\/","article_modified_time":"2022-10-15T17:32:58+00:00","og_image":[{"url":"https:\/\/uponadream.it\/wp-content\/uploads\/2020\/05\/SFONDO-TRASPARENTE.png"}],"twitter_card":"summary_large_image","twitter_misc":{"Estimated reading time":"2 minutes"},"schema":{"@context":"https:\/\/schema.org","@graph":[{"@type":"WebPage","@id":"https:\/\/uponadream.it\/chisiamo\/","url":"https:\/\/uponadream.it\/chisiamo\/","name":"Chi siamo - Uponadream Studios | Video aziendali e Animazione 3D","isPartOf":{"@id":"https:\/\/uponadream.it\/#website"},"datePublished":"2020-05-14T15:43:20+00:00","dateModified":"2022-10-15T17:32:58+00:00","breadcrumb":{"@id":"https:\/\/uponadream.it\/chisiamo\/#breadcrumb"},"inLanguage":"en-GB","potentialAction":[{"@type":"ReadAction","target":["https:\/\/uponadream.it\/chisiamo\/"]}]},{"@type":"BreadcrumbList","@id":"https:\/\/uponadream.it\/chisiamo\/#breadcrumb","itemListElement":[{"@type":"ListItem","position":1,"name":"Home","item":"https:\/\/uponadream.it\/"},{"@type":"ListItem","position":2,"name":"Chi siamo"}]},{"@type":"WebSite","@id":"https:\/\/uponadream.it\/#website","url":"https:\/\/uponadream.it\/","name":"Uponadream Studios | Video aziendali e Animazione 3D","description":"Realizziamo video aziendali e spot, Rendering e Animazioni 3D, VFX, Riprese in drone. Contattaci per una consulenza gratuita.","publisher":{"@id":"https:\/\/uponadream.it\/#organization"},"potentialAction":[{"@type":"SearchAction","target":{"@type":"EntryPoint","urlTemplate":"https:\/\/uponadream.it\/?s={search_term_string}"},"query-input":"required name=search_term_string"}],"inLanguage":"en-GB"},{"@type":"Organization","@id":"https:\/\/uponadream.it\/#organization","name":"Uponadream Studios snc","url":"https:\/\/uponadream.it\/","logo":{"@type":"ImageObject","inLanguage":"en-GB","@id":"https:\/\/uponadream.it\/#\/schema\/logo\/image\/","url":"https:\/\/uponadream.it\/wp-content\/uploads\/2020\/05\/simbolo.png","contentUrl":"https:\/\/uponadream.it\/wp-content\/uploads\/2020\/05\/simbolo.png","width":500,"height":500,"caption":"Uponadream Studios snc"},"image":{"@id":"https:\/\/uponadream.it\/#\/schema\/logo\/image\/"},"sameAs":["https:\/\/www.facebook.com\/uponadream.studios\/","https:\/\/www.instagram.com\/uponadream_studios\/","https:\/\/www.linkedin.com\/company\/11156811"]}]}},"_links":{"self":[{"href":"https:\/\/uponadream.it\/en\/wp-json\/wp\/v2\/pages\/4342"}],"collection":[{"href":"https:\/\/uponadream.it\/en\/wp-json\/wp\/v2\/pages"}],"about":[{"href":"https:\/\/uponadream.it\/en\/wp-json\/wp\/v2\/types\/page"}],"author":[{"embeddable":true,"href":"https:\/\/uponadream.it\/en\/wp-json\/wp\/v2\/users\/1"}],"replies":[{"embeddable":true,"href":"https:\/\/uponadream.it\/en\/wp-json\/wp\/v2\/comments?post=4342"}],"version-history":[{"count":31,"href":"https:\/\/uponadream.it\/en\/wp-json\/wp\/v2\/pages\/4342\/revisions"}],"predecessor-version":[{"id":5192,"href":"https:\/\/uponadream.it\/en\/wp-json\/wp\/v2\/pages\/4342\/revisions\/5192"}],"wp:attachment":[{"href":"https:\/\/uponadream.it\/en\/wp-json\/wp\/v2\/media?parent=4342"}],"curies":[{"name":"wp","href":"https:\/\/api.w.org\/{rel}","templated":true}]}}