{"id":4349,"date":"2020-05-14T18:08:25","date_gmt":"2020-05-14T16:08:25","guid":{"rendered":"http:\/\/uptoyou.video\/nuovosito\/?page_id=4349"},"modified":"2020-05-14T18:10:22","modified_gmt":"2020-05-14T16:10:22","slug":"team","status":"publish","type":"page","link":"https:\/\/uponadream.it\/en\/team\/","title":{"rendered":"TEAM"},"content":{"rendered":"<div data-elementor-type=\"wp-page\" data-elementor-id=\"4349\" class=\"elementor elementor-4349\">\n\t\t\t\t\t\t\t\t\t<section class=\"elementor-section elementor-top-section elementor-element elementor-element-8e53e78 elementor-section-boxed elementor-section-height-default elementor-section-height-default qodef-elementor-content-no qodef-content-alignment-no\" data-id=\"8e53e78\" data-element_type=\"section\">\n\t\t\t\t\t\t<div class=\"elementor-container elementor-column-gap-default\">\n\t\t\t\t\t<div class=\"elementor-column elementor-col-100 elementor-top-column elementor-element elementor-element-25a4c20\" data-id=\"25a4c20\" data-element_type=\"column\">\n\t\t\t<div class=\"elementor-widget-wrap\">\n\t\t\t\t\t\t\t\t\t<\/div>\n\t\t<\/div>\n\t\t\t\t\t\t\t<\/div>\n\t\t<\/section>\n\t\t\t\t<section class=\"elementor-section elementor-top-section elementor-element elementor-element-e108a1a elementor-section-stretched elementor-hidden-phone elementor-section-boxed elementor-section-height-default elementor-section-height-default qodef-elementor-content-no qodef-content-alignment-no\" data-id=\"e108a1a\" data-element_type=\"section\" data-settings=\"{&quot;background_background&quot;:&quot;classic&quot;,&quot;stretch_section&quot;:&quot;section-stretched&quot;}\">\n\t\t\t\t\t\t<div class=\"elementor-container elementor-column-gap-narrow\">\n\t\t\t\t\t<div class=\"elementor-column elementor-col-25 elementor-top-column elementor-element elementor-element-0444b7e\" data-id=\"0444b7e\" data-element_type=\"column\">\n\t\t\t<div class=\"elementor-widget-wrap elementor-element-populated\">\n\t\t\t\t\t\t\t\t<div class=\"elementor-element elementor-element-b4329ca elementor-hidden-tablet elementor-hidden-phone elementor-widget elementor-widget-e_image_hover_effects\" data-id=\"b4329ca\" data-element_type=\"widget\" data-widget_type=\"e_image_hover_effects.default\">\n\t\t\t\t<div class=\"elementor-widget-container\">\n\t\t\t\t\t\t<div class=\"eihe-box eihe-push-left eihe_center\">\n\t\t\t\t<img fetchpriority=\"high\" decoding=\"async\" width=\"711\" height=\"1080\" src=\"https:\/\/uponadream.it\/wp-content\/uploads\/2020\/05\/SFONDO-TRASPARENTE.png\" class=\"attachment-full size-full wp-image-4151\" alt=\"\" srcset=\"https:\/\/uponadream.it\/wp-content\/uploads\/2020\/05\/SFONDO-TRASPARENTE.png 711w, https:\/\/uponadream.it\/wp-content\/uploads\/2020\/05\/SFONDO-TRASPARENTE-198x300.png 198w, https:\/\/uponadream.it\/wp-content\/uploads\/2020\/05\/SFONDO-TRASPARENTE-674x1024.png 674w, https:\/\/uponadream.it\/wp-content\/uploads\/2020\/05\/SFONDO-TRASPARENTE-600x911.png 600w\" sizes=\"(max-width: 711px) 100vw, 711px\" \/>\t\t\t\t<div class=\"eihe-caption\">\n\t\t\t\t\t<div class=\"eihe-title-cover\">\n\t\t\t\t\t\t\t\t\t\t\t\t<h3 class=\"eihe-title\">GIULIO VENIER<\/h3>\n\t\t\t\t\t\t\t\t\t\t\t<\/div>\n\t\t\t\t\t<p>Project manager<\/p>\n\t\t\t\t<\/div>\n\t\t\t<\/div>\n\t\t\t\t<\/div>\n\t\t\t\t<\/div>\n\t\t\t\t\t<\/div>\n\t\t<\/div>\n\t\t\t\t<div class=\"elementor-column elementor-col-25 elementor-top-column elementor-element elementor-element-f87a429\" data-id=\"f87a429\" data-element_type=\"column\">\n\t\t\t<div class=\"elementor-widget-wrap elementor-element-populated\">\n\t\t\t\t\t\t\t\t<div class=\"elementor-element elementor-element-a583f3d elementor-hidden-tablet elementor-hidden-phone elementor-widget elementor-widget-e_image_hover_effects\" data-id=\"a583f3d\" data-element_type=\"widget\" data-widget_type=\"e_image_hover_effects.default\">\n\t\t\t\t<div class=\"elementor-widget-container\">\n\t\t\t\t\t\t<div class=\"eihe-box eihe-fade-in-down eihe_center\">\n\t\t\t\t<img fetchpriority=\"high\" decoding=\"async\" width=\"711\" height=\"1080\" src=\"https:\/\/uponadream.it\/wp-content\/uploads\/2020\/05\/SFONDO-TRASPARENTE.png\" class=\"attachment-full size-full wp-image-4151\" alt=\"\" srcset=\"https:\/\/uponadream.it\/wp-content\/uploads\/2020\/05\/SFONDO-TRASPARENTE.png 711w, https:\/\/uponadream.it\/wp-content\/uploads\/2020\/05\/SFONDO-TRASPARENTE-198x300.png 198w, https:\/\/uponadream.it\/wp-content\/uploads\/2020\/05\/SFONDO-TRASPARENTE-674x1024.png 674w, https:\/\/uponadream.it\/wp-content\/uploads\/2020\/05\/SFONDO-TRASPARENTE-600x911.png 600w\" sizes=\"(max-width: 711px) 100vw, 711px\" \/>\t\t\t\t<div class=\"eihe-caption\">\n\t\t\t\t\t<div class=\"eihe-title-cover\">\n\t\t\t\t\t\t\t\t\t\t\t\t<h3 class=\"eihe-title\">JUAN D'AURIA<\/h3>\n\t\t\t\t\t\t\t\t\t\t\t<\/div>\n\t\t\t\t\t<p>Dop\/editor<\/p>\n\t\t\t\t<\/div>\n\t\t\t<\/div>\n\t\t\t\t<\/div>\n\t\t\t\t<\/div>\n\t\t\t\t\t<\/div>\n\t\t<\/div>\n\t\t\t\t<div class=\"elementor-column elementor-col-25 elementor-top-column elementor-element elementor-element-75143e5\" data-id=\"75143e5\" data-element_type=\"column\">\n\t\t\t<div class=\"elementor-widget-wrap elementor-element-populated\">\n\t\t\t\t\t\t\t\t<div class=\"elementor-element elementor-element-5ac4fd1 elementor-hidden-tablet elementor-hidden-phone elementor-widget elementor-widget-e_image_hover_effects\" data-id=\"5ac4fd1\" data-element_type=\"widget\" data-widget_type=\"e_image_hover_effects.default\">\n\t\t\t\t<div class=\"elementor-widget-container\">\n\t\t\t\t\t\t<div class=\"eihe-box eihe-fade-in-left eihe_center\">\n\t\t\t\t<img fetchpriority=\"high\" decoding=\"async\" width=\"711\" height=\"1080\" src=\"https:\/\/uponadream.it\/wp-content\/uploads\/2020\/05\/SFONDO-TRASPARENTE.png\" class=\"attachment-full size-full wp-image-4151\" alt=\"\" srcset=\"https:\/\/uponadream.it\/wp-content\/uploads\/2020\/05\/SFONDO-TRASPARENTE.png 711w, https:\/\/uponadream.it\/wp-content\/uploads\/2020\/05\/SFONDO-TRASPARENTE-198x300.png 198w, https:\/\/uponadream.it\/wp-content\/uploads\/2020\/05\/SFONDO-TRASPARENTE-674x1024.png 674w, https:\/\/uponadream.it\/wp-content\/uploads\/2020\/05\/SFONDO-TRASPARENTE-600x911.png 600w\" sizes=\"(max-width: 711px) 100vw, 711px\" \/>\t\t\t\t<div class=\"eihe-caption\">\n\t\t\t\t\t<div class=\"eihe-title-cover\">\n\t\t\t\t\t\t\t\t\t\t\t\t<h3 class=\"eihe-title\">MARCO LONDERO<\/h3>\n\t\t\t\t\t\t\t\t\t\t\t<\/div>\n\t\t\t\t\t<p>3d\/vfx artist<\/p>\n\t\t\t\t<\/div>\n\t\t\t<\/div>\n\t\t\t\t<\/div>\n\t\t\t\t<\/div>\n\t\t\t\t\t<\/div>\n\t\t<\/div>\n\t\t\t\t<div class=\"elementor-column elementor-col-25 elementor-top-column elementor-element elementor-element-5458dcf\" data-id=\"5458dcf\" data-element_type=\"column\">\n\t\t\t<div class=\"elementor-widget-wrap\">\n\t\t\t\t\t\t\t\t\t<\/div>\n\t\t<\/div>\n\t\t\t\t\t\t\t<\/div>\n\t\t<\/section>\n\t\t\t\t<section class=\"elementor-section elementor-top-section elementor-element elementor-element-a6eb631 elementor-section-stretched elementor-hidden-desktop elementor-hidden-tablet elementor-section-boxed elementor-section-height-default elementor-section-height-default qodef-elementor-content-no qodef-content-alignment-no\" data-id=\"a6eb631\" data-element_type=\"section\" data-settings=\"{&quot;stretch_section&quot;:&quot;section-stretched&quot;}\">\n\t\t\t\t\t\t<div class=\"elementor-container elementor-column-gap-default\">\n\t\t\t\t\t<div class=\"elementor-column elementor-col-100 elementor-top-column elementor-element elementor-element-c8d7298\" data-id=\"c8d7298\" data-element_type=\"column\">\n\t\t\t<div class=\"elementor-widget-wrap elementor-element-populated\">\n\t\t\t\t\t\t\t\t<div class=\"elementor-element elementor-element-fb6c452 elementor-widget elementor-widget-image\" data-id=\"fb6c452\" data-element_type=\"widget\" data-widget_type=\"image.default\">\n\t\t\t\t<div class=\"elementor-widget-container\">\n\t\t\t\t\t\t\t\t\t\t\t\t\t\t\t<img decoding=\"async\" width=\"1024\" height=\"685\" src=\"https:\/\/uponadream.it\/wp-content\/uploads\/2020\/05\/Upon-a-dream_crop2-e1589451712201-1024x685.jpg\" class=\"attachment-large size-large wp-image-4243\" alt=\"\" srcset=\"https:\/\/uponadream.it\/wp-content\/uploads\/2020\/05\/Upon-a-dream_crop2-e1589451712201-1024x685.jpg 1024w, https:\/\/uponadream.it\/wp-content\/uploads\/2020\/05\/Upon-a-dream_crop2-e1589451712201-300x201.jpg 300w, https:\/\/uponadream.it\/wp-content\/uploads\/2020\/05\/Upon-a-dream_crop2-e1589451712201-768x514.jpg 768w, https:\/\/uponadream.it\/wp-content\/uploads\/2020\/05\/Upon-a-dream_crop2-e1589451712201-600x402.jpg 600w, https:\/\/uponadream.it\/wp-content\/uploads\/2020\/05\/Upon-a-dream_crop2-e1589451712201.jpg 1346w\" sizes=\"(max-width: 1024px) 100vw, 1024px\" \/>\t\t\t\t\t\t\t\t\t\t\t\t\t\t\t<\/div>\n\t\t\t\t<\/div>\n\t\t\t\t\t<\/div>\n\t\t<\/div>\n\t\t\t\t\t\t\t<\/div>\n\t\t<\/section>\n\t\t\t\t<section class=\"elementor-section elementor-top-section elementor-element elementor-element-aec536f elementor-section-boxed elementor-section-height-default elementor-section-height-default qodef-elementor-content-no qodef-content-alignment-no\" data-id=\"aec536f\" data-element_type=\"section\">\n\t\t\t\t\t\t\t<div class=\"elementor-background-overlay\"><\/div>\n\t\t\t\t\t\t\t<div class=\"elementor-container elementor-column-gap-default\">\n\t\t\t\t\t<div class=\"elementor-column elementor-col-33 elementor-top-column elementor-element elementor-element-b0b7bf5\" data-id=\"b0b7bf5\" data-element_type=\"column\">\n\t\t\t<div class=\"elementor-widget-wrap\">\n\t\t\t\t\t\t\t\t\t<\/div>\n\t\t<\/div>\n\t\t\t\t<div class=\"elementor-column elementor-col-33 elementor-top-column elementor-element elementor-element-8dca0d2\" data-id=\"8dca0d2\" data-element_type=\"column\">\n\t\t\t<div class=\"elementor-widget-wrap elementor-element-populated\">\n\t\t\t\t\t\t\t\t<div class=\"elementor-element elementor-element-0d1e5a6 elementor-widget elementor-widget-boldlab_core_highlight\" data-id=\"0d1e5a6\" data-element_type=\"widget\" data-widget_type=\"boldlab_core_highlight.default\">\n\t\t\t\t<div class=\"elementor-widget-container\">\n\t\t\t<h6 class=\"qodef-shortcode qodef-m  qodef-highlight\" >\n\t\t\tFrom the faces you\u2019d never know, but we manage to stay on our feet since 2008. \nUponadream studios is a video, animation and VFX production company based on creativity and the capacity to adapt to any climate change. \n\nFor each project we create a tailor-made work crew by choosing among our territory\u2019s top resources, but not only.\n\nWe take care of every single production detail, from the script to the post\u2014production: idea, makeup, costumes, shootings, editing, VFX, graphics, soundtracks, sound design, up to the final product delivery.\t<\/h6>\t\t<\/div>\n\t\t\t\t<\/div>\n\t\t\t\t\t<\/div>\n\t\t<\/div>\n\t\t\t\t<div class=\"elementor-column elementor-col-33 elementor-top-column elementor-element elementor-element-e575aac\" data-id=\"e575aac\" data-element_type=\"column\">\n\t\t\t<div class=\"elementor-widget-wrap\">\n\t\t\t\t\t\t\t\t\t<\/div>\n\t\t<\/div>\n\t\t\t\t\t\t\t<\/div>\n\t\t<\/section>\n\t\t\t\t<section class=\"elementor-section elementor-top-section elementor-element elementor-element-41cc892 elementor-section-stretched elementor-section-full_width elementor-section-height-default elementor-section-height-default qodef-elementor-content-no qodef-content-alignment-no\" data-id=\"41cc892\" data-element_type=\"section\" data-settings=\"{&quot;stretch_section&quot;:&quot;section-stretched&quot;}\">\n\t\t\t\t\t\t\t<div class=\"elementor-background-overlay\"><\/div>\n\t\t\t\t\t\t\t<div class=\"elementor-container elementor-column-gap-default\">\n\t\t\t\t\t<div class=\"elementor-column elementor-col-100 elementor-top-column elementor-element elementor-element-3253ed1\" data-id=\"3253ed1\" data-element_type=\"column\">\n\t\t\t<div class=\"elementor-widget-wrap elementor-element-populated\">\n\t\t\t\t\t\t\t\t<div class=\"elementor-element elementor-element-cc171f7 elementor-widget elementor-widget-spacer\" data-id=\"cc171f7\" data-element_type=\"widget\" data-widget_type=\"spacer.default\">\n\t\t\t\t<div class=\"elementor-widget-container\">\n\t\t\t\t\t<div class=\"elementor-spacer\">\n\t\t\t<div class=\"elementor-spacer-inner\"><\/div>\n\t\t<\/div>\n\t\t\t\t<\/div>\n\t\t\t\t<\/div>\n\t\t\t\t\t<\/div>\n\t\t<\/div>\n\t\t\t\t\t\t\t<\/div>\n\t\t<\/section>\n\t\t\t\t\t\t\t<\/div>","protected":false},"excerpt":{"rendered":"<p>GIULIO VENIER Project manager JUAN D&#8217;AURIA Dop\/editor MARCO LONDERO 3d\/vfx artist Dalle facce non si direbbe, ma riusciamo a restare in piedi dal 2008. Uponadream Studios \u00e8 una casa di produzione video, animazioni e VFX basata sulla creativit\u00e0 e la capacit\u00e0 di adattarsi ad ogni cambiamento climatico. Per ogni progetto creiamo un team di lavoro [&hellip;]<\/p>","protected":false},"author":1,"featured_media":0,"parent":0,"menu_order":0,"comment_status":"closed","ping_status":"closed","template":"","meta":{"footnotes":""},"yoast_head":"<!-- This site is optimized with the Yoast SEO plugin v21.7 - https:\/\/yoast.com\/wordpress\/plugins\/seo\/ -->\n<title>TEAM - Uponadream Studios | Video aziendali e Animazione 3D<\/title>\n<meta name=\"robots\" content=\"index, follow, max-snippet:-1, max-image-preview:large, max-video-preview:-1\" \/>\n<link rel=\"canonical\" href=\"https:\/\/uponadream.it\/en\/team\/\" \/>\n<meta property=\"og:locale\" content=\"en_GB\" \/>\n<meta property=\"og:type\" content=\"article\" \/>\n<meta property=\"og:title\" content=\"TEAM - Uponadream Studios | Video aziendali e Animazione 3D\" \/>\n<meta property=\"og:description\" content=\"GIULIO VENIER Project manager JUAN D&#8217;AURIA Dop\/editor MARCO LONDERO 3d\/vfx artist Dalle facce non si direbbe, ma riusciamo a restare in piedi dal 2008. Uponadream Studios \u00e8 una casa di produzione video, animazioni e VFX basata sulla creativit\u00e0 e la capacit\u00e0 di adattarsi ad ogni cambiamento climatico. Per ogni progetto creiamo un team di lavoro [&hellip;]\" \/>\n<meta property=\"og:url\" content=\"https:\/\/uponadream.it\/en\/team\/\" \/>\n<meta property=\"og:site_name\" content=\"Uponadream Studios | Video aziendali e Animazione 3D\" \/>\n<meta property=\"article:publisher\" content=\"https:\/\/www.facebook.com\/uponadream.studios\/\" \/>\n<meta property=\"article:modified_time\" content=\"2020-05-14T16:10:22+00:00\" \/>\n<meta property=\"og:image\" content=\"http:\/\/uptoyou.video\/nuovosito\/wp-content\/uploads\/2020\/05\/SFONDO-TRASPARENTE.png\" \/>\n<meta name=\"twitter:card\" content=\"summary_large_image\" \/>\n<script type=\"application\/ld+json\" class=\"yoast-schema-graph\">{\"@context\":\"https:\/\/schema.org\",\"@graph\":[{\"@type\":\"WebPage\",\"@id\":\"https:\/\/uponadream.it\/team\/\",\"url\":\"https:\/\/uponadream.it\/team\/\",\"name\":\"TEAM - Uponadream Studios | Video aziendali e Animazione 3D\",\"isPartOf\":{\"@id\":\"https:\/\/uponadream.it\/#website\"},\"datePublished\":\"2020-05-14T16:08:25+00:00\",\"dateModified\":\"2020-05-14T16:10:22+00:00\",\"breadcrumb\":{\"@id\":\"https:\/\/uponadream.it\/team\/#breadcrumb\"},\"inLanguage\":\"en-GB\",\"potentialAction\":[{\"@type\":\"ReadAction\",\"target\":[\"https:\/\/uponadream.it\/team\/\"]}]},{\"@type\":\"BreadcrumbList\",\"@id\":\"https:\/\/uponadream.it\/team\/#breadcrumb\",\"itemListElement\":[{\"@type\":\"ListItem\",\"position\":1,\"name\":\"Home\",\"item\":\"https:\/\/uponadream.it\/\"},{\"@type\":\"ListItem\",\"position\":2,\"name\":\"TEAM\"}]},{\"@type\":\"WebSite\",\"@id\":\"https:\/\/uponadream.it\/#website\",\"url\":\"https:\/\/uponadream.it\/\",\"name\":\"Uponadream Studios | Video aziendali e Animazione 3D\",\"description\":\"Realizziamo video aziendali e spot, Rendering e Animazioni 3D, VFX, Riprese in drone. Contattaci per una consulenza gratuita.\",\"publisher\":{\"@id\":\"https:\/\/uponadream.it\/#organization\"},\"potentialAction\":[{\"@type\":\"SearchAction\",\"target\":{\"@type\":\"EntryPoint\",\"urlTemplate\":\"https:\/\/uponadream.it\/?s={search_term_string}\"},\"query-input\":\"required name=search_term_string\"}],\"inLanguage\":\"en-GB\"},{\"@type\":\"Organization\",\"@id\":\"https:\/\/uponadream.it\/#organization\",\"name\":\"Uponadream Studios snc\",\"url\":\"https:\/\/uponadream.it\/\",\"logo\":{\"@type\":\"ImageObject\",\"inLanguage\":\"en-GB\",\"@id\":\"https:\/\/uponadream.it\/#\/schema\/logo\/image\/\",\"url\":\"https:\/\/uponadream.it\/wp-content\/uploads\/2020\/05\/simbolo.png\",\"contentUrl\":\"https:\/\/uponadream.it\/wp-content\/uploads\/2020\/05\/simbolo.png\",\"width\":500,\"height\":500,\"caption\":\"Uponadream Studios snc\"},\"image\":{\"@id\":\"https:\/\/uponadream.it\/#\/schema\/logo\/image\/\"},\"sameAs\":[\"https:\/\/www.facebook.com\/uponadream.studios\/\",\"https:\/\/www.instagram.com\/uponadream_studios\/\",\"https:\/\/www.linkedin.com\/company\/11156811\"]}]}<\/script>\n<!-- \/ Yoast SEO plugin. -->","yoast_head_json":{"title":"TEAM - Uponadream Studios | Video aziendali e Animazione 3D","robots":{"index":"index","follow":"follow","max-snippet":"max-snippet:-1","max-image-preview":"max-image-preview:large","max-video-preview":"max-video-preview:-1"},"canonical":"https:\/\/uponadream.it\/en\/team\/","og_locale":"en_GB","og_type":"article","og_title":"TEAM - Uponadream Studios | Video aziendali e Animazione 3D","og_description":"GIULIO VENIER Project manager JUAN D&#8217;AURIA Dop\/editor MARCO LONDERO 3d\/vfx artist Dalle facce non si direbbe, ma riusciamo a restare in piedi dal 2008. Uponadream Studios \u00e8 una casa di produzione video, animazioni e VFX basata sulla creativit\u00e0 e la capacit\u00e0 di adattarsi ad ogni cambiamento climatico. Per ogni progetto creiamo un team di lavoro [&hellip;]","og_url":"https:\/\/uponadream.it\/en\/team\/","og_site_name":"Uponadream Studios | Video aziendali e Animazione 3D","article_publisher":"https:\/\/www.facebook.com\/uponadream.studios\/","article_modified_time":"2020-05-14T16:10:22+00:00","og_image":[{"url":"http:\/\/uptoyou.video\/nuovosito\/wp-content\/uploads\/2020\/05\/SFONDO-TRASPARENTE.png"}],"twitter_card":"summary_large_image","schema":{"@context":"https:\/\/schema.org","@graph":[{"@type":"WebPage","@id":"https:\/\/uponadream.it\/team\/","url":"https:\/\/uponadream.it\/team\/","name":"TEAM - Uponadream Studios | Video aziendali e Animazione 3D","isPartOf":{"@id":"https:\/\/uponadream.it\/#website"},"datePublished":"2020-05-14T16:08:25+00:00","dateModified":"2020-05-14T16:10:22+00:00","breadcrumb":{"@id":"https:\/\/uponadream.it\/team\/#breadcrumb"},"inLanguage":"en-GB","potentialAction":[{"@type":"ReadAction","target":["https:\/\/uponadream.it\/team\/"]}]},{"@type":"BreadcrumbList","@id":"https:\/\/uponadream.it\/team\/#breadcrumb","itemListElement":[{"@type":"ListItem","position":1,"name":"Home","item":"https:\/\/uponadream.it\/"},{"@type":"ListItem","position":2,"name":"TEAM"}]},{"@type":"WebSite","@id":"https:\/\/uponadream.it\/#website","url":"https:\/\/uponadream.it\/","name":"Uponadream Studios | Video aziendali e Animazione 3D","description":"Realizziamo video aziendali e spot, Rendering e Animazioni 3D, VFX, Riprese in drone. Contattaci per una consulenza gratuita.","publisher":{"@id":"https:\/\/uponadream.it\/#organization"},"potentialAction":[{"@type":"SearchAction","target":{"@type":"EntryPoint","urlTemplate":"https:\/\/uponadream.it\/?s={search_term_string}"},"query-input":"required name=search_term_string"}],"inLanguage":"en-GB"},{"@type":"Organization","@id":"https:\/\/uponadream.it\/#organization","name":"Uponadream Studios snc","url":"https:\/\/uponadream.it\/","logo":{"@type":"ImageObject","inLanguage":"en-GB","@id":"https:\/\/uponadream.it\/#\/schema\/logo\/image\/","url":"https:\/\/uponadream.it\/wp-content\/uploads\/2020\/05\/simbolo.png","contentUrl":"https:\/\/uponadream.it\/wp-content\/uploads\/2020\/05\/simbolo.png","width":500,"height":500,"caption":"Uponadream Studios snc"},"image":{"@id":"https:\/\/uponadream.it\/#\/schema\/logo\/image\/"},"sameAs":["https:\/\/www.facebook.com\/uponadream.studios\/","https:\/\/www.instagram.com\/uponadream_studios\/","https:\/\/www.linkedin.com\/company\/11156811"]}]}},"_links":{"self":[{"href":"https:\/\/uponadream.it\/en\/wp-json\/wp\/v2\/pages\/4349"}],"collection":[{"href":"https:\/\/uponadream.it\/en\/wp-json\/wp\/v2\/pages"}],"about":[{"href":"https:\/\/uponadream.it\/en\/wp-json\/wp\/v2\/types\/page"}],"author":[{"embeddable":true,"href":"https:\/\/uponadream.it\/en\/wp-json\/wp\/v2\/users\/1"}],"replies":[{"embeddable":true,"href":"https:\/\/uponadream.it\/en\/wp-json\/wp\/v2\/comments?post=4349"}],"version-history":[{"count":2,"href":"https:\/\/uponadream.it\/en\/wp-json\/wp\/v2\/pages\/4349\/revisions"}],"predecessor-version":[{"id":4351,"href":"https:\/\/uponadream.it\/en\/wp-json\/wp\/v2\/pages\/4349\/revisions\/4351"}],"wp:attachment":[{"href":"https:\/\/uponadream.it\/en\/wp-json\/wp\/v2\/media?parent=4349"}],"curies":[{"name":"wp","href":"https:\/\/api.w.org\/{rel}","templated":true}]}}