{"id":4677,"date":"2020-05-28T14:34:53","date_gmt":"2020-05-28T12:34:53","guid":{"rendered":"http:\/\/uptoyou.video\/nuovosito\/?page_id=4677"},"modified":"2022-07-04T10:41:07","modified_gmt":"2022-07-04T08:41:07","slug":"pozzis-samarcanda","status":"publish","type":"page","link":"https:\/\/uponadream.it\/en\/pozzis-samarcanda\/","title":{"rendered":"Pozzis, Samarcanda"},"content":{"rendered":"<div data-elementor-type=\"wp-post\" data-elementor-id=\"4677\" class=\"elementor elementor-4677\">\n\t\t\t\t\t\t\t\t\t<section class=\"elementor-section elementor-top-section elementor-element elementor-element-80f7597 elementor-section-boxed elementor-section-height-default elementor-section-height-default qodef-elementor-content-no qodef-content-alignment-no\" data-id=\"80f7597\" data-element_type=\"section\">\n\t\t\t\t\t\t<div class=\"elementor-container elementor-column-gap-default\">\n\t\t\t\t\t<div class=\"elementor-column elementor-col-100 elementor-top-column elementor-element elementor-element-ce05e18\" data-id=\"ce05e18\" data-element_type=\"column\">\n\t\t\t<div class=\"elementor-widget-wrap elementor-element-populated\">\n\t\t\t\t\t\t\t\t<div class=\"elementor-element elementor-element-649f075 elementor-widget elementor-widget-video\" data-id=\"649f075\" data-element_type=\"widget\" data-settings=\"{&quot;video_type&quot;:&quot;vimeo&quot;}\" data-widget_type=\"video.default\">\n\t\t\t\t<div class=\"elementor-widget-container\">\n\t\t\t\t\t<div class=\"elementor-wrapper elementor-open-inline\">\n\t\t\t<iframe class=\"elementor-video-iframe\" allowfullscreen title=\"vimeo Video Player\" src=\"https:\/\/player.vimeo.com\/video\/245032092?color&amp;autopause=0&amp;loop=0&amp;muted=0&amp;title=1&amp;portrait=1&amp;byline=1#t=\"><\/iframe>\t\t<\/div>\n\t\t\t\t<\/div>\n\t\t\t\t<\/div>\n\t\t\t\t<div class=\"elementor-element elementor-element-9ad349a elementor-widget elementor-widget-text-editor\" data-id=\"9ad349a\" data-element_type=\"widget\" data-widget_type=\"text-editor.default\">\n\t\t\t\t<div class=\"elementor-widget-container\">\n\t\t\t\t\t\t\t<p>Alfeo Carnelutti, detto Cocco, dopo una vita turbolenta e fuori dagli schemi, decide di ritirarsi da eremita in un paese abbandonato di montagna. Ora, a 73 anni, sente il bisogno di affrontare una nuova sfida e riscoprire quel mondo dal quale aveva scelto di prendere le distanze, decide per cui di partire per un viaggio in moto verso Samarcanda. Durante questo viaggio verso Oriente Cocco spiegher\u00e0 cosa lo abbia spinto a condurre una vita in solitudine lontano dalla societ\u00e0, racconter\u00e0 di come sia stato segnato dagli anni passati in ospedale e far\u00e0 luce sui fatti che lo hanno portato a passare quasi dieci anni in carcere.<\/p><div>\u00a0<\/div>\t\t\t\t\t\t<\/div>\n\t\t\t\t<\/div>\n\t\t\t\t<div class=\"elementor-element elementor-element-c7ce386 elementor-align-center elementor-widget elementor-widget-button\" data-id=\"c7ce386\" data-element_type=\"widget\" data-widget_type=\"button.default\">\n\t\t\t\t<div class=\"elementor-widget-container\">\n\t\t\t\t\t<div class=\"elementor-button-wrapper\">\n\t\t\t<a class=\"elementor-button elementor-button-link elementor-size-sm\" href=\"https:\/\/www.rodaggiofilm.com\/portfolios\/pozzis-samarcanda\/\" target=\"_blank\">\n\t\t\t\t\t\t<span class=\"elementor-button-content-wrapper\">\n\t\t\t\t\t\t<span class=\"elementor-button-text\">GUARDA FILM<\/span>\n\t\t<\/span>\n\t\t\t\t\t<\/a>\n\t\t<\/div>\n\t\t\t\t<\/div>\n\t\t\t\t<\/div>\n\t\t\t\t<div class=\"elementor-element elementor-element-fd9ee7b elementor-widget elementor-widget-image\" data-id=\"fd9ee7b\" data-element_type=\"widget\" data-widget_type=\"image.default\">\n\t\t\t\t<div class=\"elementor-widget-container\">\n\t\t\t\t\t\t\t\t\t\t\t\t\t\t\t<img fetchpriority=\"high\" decoding=\"async\" width=\"1000\" height=\"400\" src=\"https:\/\/uponadream.it\/wp-content\/uploads\/2020\/09\/loghi-sponsor.jpg\" class=\"attachment-large size-large wp-image-5040\" alt=\"\" srcset=\"https:\/\/uponadream.it\/wp-content\/uploads\/2020\/09\/loghi-sponsor.jpg 1000w, https:\/\/uponadream.it\/wp-content\/uploads\/2020\/09\/loghi-sponsor-300x120.jpg 300w, https:\/\/uponadream.it\/wp-content\/uploads\/2020\/09\/loghi-sponsor-768x307.jpg 768w\" sizes=\"(max-width: 1000px) 100vw, 1000px\" \/>\t\t\t\t\t\t\t\t\t\t\t\t\t\t\t<\/div>\n\t\t\t\t<\/div>\n\t\t\t\t\t<\/div>\n\t\t<\/div>\n\t\t\t\t\t\t\t<\/div>\n\t\t<\/section>\n\t\t\t\t\t\t\t<\/div>","protected":false},"excerpt":{"rendered":"<p>https:\/\/vimeo.com\/245032092 Alfeo Carnelutti, detto Cocco, dopo una vita turbolenta e fuori dagli schemi, decide di ritirarsi da eremita in un paese abbandonato di montagna. Ora, a 73 anni, sente il bisogno di affrontare una nuova sfida e riscoprire quel mondo dal quale aveva scelto di prendere le distanze, decide per cui di partire per un [&hellip;]<\/p>","protected":false},"author":1,"featured_media":0,"parent":0,"menu_order":0,"comment_status":"closed","ping_status":"closed","template":"","meta":{"footnotes":""},"yoast_head":"<!-- This site is optimized with the Yoast SEO plugin v21.7 - https:\/\/yoast.com\/wordpress\/plugins\/seo\/ -->\n<title>Pozzis, Samarcanda - Uponadream Studios | Video aziendali e Animazione 3D<\/title>\n<meta name=\"robots\" content=\"index, follow, max-snippet:-1, max-image-preview:large, max-video-preview:-1\" \/>\n<link rel=\"canonical\" href=\"https:\/\/uponadream.it\/en\/pozzis-samarcanda\/\" \/>\n<meta property=\"og:locale\" content=\"en_GB\" \/>\n<meta property=\"og:type\" content=\"article\" \/>\n<meta property=\"og:title\" content=\"Pozzis, Samarcanda - Uponadream Studios | Video aziendali e Animazione 3D\" \/>\n<meta property=\"og:description\" content=\"https:\/\/vimeo.com\/245032092 Alfeo Carnelutti, detto Cocco, dopo una vita turbolenta e fuori dagli schemi, decide di ritirarsi da eremita in un paese abbandonato di montagna. Ora, a 73 anni, sente il bisogno di affrontare una nuova sfida e riscoprire quel mondo dal quale aveva scelto di prendere le distanze, decide per cui di partire per un [&hellip;]\" \/>\n<meta property=\"og:url\" content=\"https:\/\/uponadream.it\/en\/pozzis-samarcanda\/\" \/>\n<meta property=\"og:site_name\" content=\"Uponadream Studios | Video aziendali e Animazione 3D\" \/>\n<meta property=\"article:publisher\" content=\"https:\/\/www.facebook.com\/uponadream.studios\/\" \/>\n<meta property=\"article:modified_time\" content=\"2022-07-04T08:41:07+00:00\" \/>\n<meta property=\"og:image\" content=\"https:\/\/uponadream.it\/wp-content\/uploads\/2020\/09\/loghi-sponsor.jpg\" \/>\n<meta name=\"twitter:card\" content=\"summary_large_image\" \/>\n<meta name=\"twitter:label1\" content=\"Estimated reading time\" \/>\n\t<meta name=\"twitter:data1\" content=\"1 minute\" \/>\n<script type=\"application\/ld+json\" class=\"yoast-schema-graph\">{\"@context\":\"https:\/\/schema.org\",\"@graph\":[{\"@type\":\"WebPage\",\"@id\":\"https:\/\/uponadream.it\/pozzis-samarcanda\/\",\"url\":\"https:\/\/uponadream.it\/pozzis-samarcanda\/\",\"name\":\"Pozzis, Samarcanda - Uponadream Studios | Video aziendali e Animazione 3D\",\"isPartOf\":{\"@id\":\"https:\/\/uponadream.it\/#website\"},\"datePublished\":\"2020-05-28T12:34:53+00:00\",\"dateModified\":\"2022-07-04T08:41:07+00:00\",\"breadcrumb\":{\"@id\":\"https:\/\/uponadream.it\/pozzis-samarcanda\/#breadcrumb\"},\"inLanguage\":\"en-GB\",\"potentialAction\":[{\"@type\":\"ReadAction\",\"target\":[\"https:\/\/uponadream.it\/pozzis-samarcanda\/\"]}]},{\"@type\":\"BreadcrumbList\",\"@id\":\"https:\/\/uponadream.it\/pozzis-samarcanda\/#breadcrumb\",\"itemListElement\":[{\"@type\":\"ListItem\",\"position\":1,\"name\":\"Home\",\"item\":\"https:\/\/uponadream.it\/\"},{\"@type\":\"ListItem\",\"position\":2,\"name\":\"Pozzis, Samarcanda\"}]},{\"@type\":\"WebSite\",\"@id\":\"https:\/\/uponadream.it\/#website\",\"url\":\"https:\/\/uponadream.it\/\",\"name\":\"Uponadream Studios | Video aziendali e Animazione 3D\",\"description\":\"Realizziamo video aziendali e spot, Rendering e Animazioni 3D, VFX, Riprese in drone. Contattaci per una consulenza gratuita.\",\"publisher\":{\"@id\":\"https:\/\/uponadream.it\/#organization\"},\"potentialAction\":[{\"@type\":\"SearchAction\",\"target\":{\"@type\":\"EntryPoint\",\"urlTemplate\":\"https:\/\/uponadream.it\/?s={search_term_string}\"},\"query-input\":\"required name=search_term_string\"}],\"inLanguage\":\"en-GB\"},{\"@type\":\"Organization\",\"@id\":\"https:\/\/uponadream.it\/#organization\",\"name\":\"Uponadream Studios snc\",\"url\":\"https:\/\/uponadream.it\/\",\"logo\":{\"@type\":\"ImageObject\",\"inLanguage\":\"en-GB\",\"@id\":\"https:\/\/uponadream.it\/#\/schema\/logo\/image\/\",\"url\":\"https:\/\/uponadream.it\/wp-content\/uploads\/2020\/05\/simbolo.png\",\"contentUrl\":\"https:\/\/uponadream.it\/wp-content\/uploads\/2020\/05\/simbolo.png\",\"width\":500,\"height\":500,\"caption\":\"Uponadream Studios snc\"},\"image\":{\"@id\":\"https:\/\/uponadream.it\/#\/schema\/logo\/image\/\"},\"sameAs\":[\"https:\/\/www.facebook.com\/uponadream.studios\/\",\"https:\/\/www.instagram.com\/uponadream_studios\/\",\"https:\/\/www.linkedin.com\/company\/11156811\"]}]}<\/script>\n<!-- \/ Yoast SEO plugin. -->","yoast_head_json":{"title":"Pozzis, Samarcanda - Uponadream Studios | Video aziendali e Animazione 3D","robots":{"index":"index","follow":"follow","max-snippet":"max-snippet:-1","max-image-preview":"max-image-preview:large","max-video-preview":"max-video-preview:-1"},"canonical":"https:\/\/uponadream.it\/en\/pozzis-samarcanda\/","og_locale":"en_GB","og_type":"article","og_title":"Pozzis, Samarcanda - Uponadream Studios | Video aziendali e Animazione 3D","og_description":"https:\/\/vimeo.com\/245032092 Alfeo Carnelutti, detto Cocco, dopo una vita turbolenta e fuori dagli schemi, decide di ritirarsi da eremita in un paese abbandonato di montagna. Ora, a 73 anni, sente il bisogno di affrontare una nuova sfida e riscoprire quel mondo dal quale aveva scelto di prendere le distanze, decide per cui di partire per un [&hellip;]","og_url":"https:\/\/uponadream.it\/en\/pozzis-samarcanda\/","og_site_name":"Uponadream Studios | Video aziendali e Animazione 3D","article_publisher":"https:\/\/www.facebook.com\/uponadream.studios\/","article_modified_time":"2022-07-04T08:41:07+00:00","og_image":[{"url":"https:\/\/uponadream.it\/wp-content\/uploads\/2020\/09\/loghi-sponsor.jpg"}],"twitter_card":"summary_large_image","twitter_misc":{"Estimated reading time":"1 minute"},"schema":{"@context":"https:\/\/schema.org","@graph":[{"@type":"WebPage","@id":"https:\/\/uponadream.it\/pozzis-samarcanda\/","url":"https:\/\/uponadream.it\/pozzis-samarcanda\/","name":"Pozzis, Samarcanda - Uponadream Studios | Video aziendali e Animazione 3D","isPartOf":{"@id":"https:\/\/uponadream.it\/#website"},"datePublished":"2020-05-28T12:34:53+00:00","dateModified":"2022-07-04T08:41:07+00:00","breadcrumb":{"@id":"https:\/\/uponadream.it\/pozzis-samarcanda\/#breadcrumb"},"inLanguage":"en-GB","potentialAction":[{"@type":"ReadAction","target":["https:\/\/uponadream.it\/pozzis-samarcanda\/"]}]},{"@type":"BreadcrumbList","@id":"https:\/\/uponadream.it\/pozzis-samarcanda\/#breadcrumb","itemListElement":[{"@type":"ListItem","position":1,"name":"Home","item":"https:\/\/uponadream.it\/"},{"@type":"ListItem","position":2,"name":"Pozzis, Samarcanda"}]},{"@type":"WebSite","@id":"https:\/\/uponadream.it\/#website","url":"https:\/\/uponadream.it\/","name":"Uponadream Studios | Video aziendali e Animazione 3D","description":"Realizziamo video aziendali e spot, Rendering e Animazioni 3D, VFX, Riprese in drone. Contattaci per una consulenza gratuita.","publisher":{"@id":"https:\/\/uponadream.it\/#organization"},"potentialAction":[{"@type":"SearchAction","target":{"@type":"EntryPoint","urlTemplate":"https:\/\/uponadream.it\/?s={search_term_string}"},"query-input":"required name=search_term_string"}],"inLanguage":"en-GB"},{"@type":"Organization","@id":"https:\/\/uponadream.it\/#organization","name":"Uponadream Studios snc","url":"https:\/\/uponadream.it\/","logo":{"@type":"ImageObject","inLanguage":"en-GB","@id":"https:\/\/uponadream.it\/#\/schema\/logo\/image\/","url":"https:\/\/uponadream.it\/wp-content\/uploads\/2020\/05\/simbolo.png","contentUrl":"https:\/\/uponadream.it\/wp-content\/uploads\/2020\/05\/simbolo.png","width":500,"height":500,"caption":"Uponadream Studios snc"},"image":{"@id":"https:\/\/uponadream.it\/#\/schema\/logo\/image\/"},"sameAs":["https:\/\/www.facebook.com\/uponadream.studios\/","https:\/\/www.instagram.com\/uponadream_studios\/","https:\/\/www.linkedin.com\/company\/11156811"]}]}},"_links":{"self":[{"href":"https:\/\/uponadream.it\/en\/wp-json\/wp\/v2\/pages\/4677"}],"collection":[{"href":"https:\/\/uponadream.it\/en\/wp-json\/wp\/v2\/pages"}],"about":[{"href":"https:\/\/uponadream.it\/en\/wp-json\/wp\/v2\/types\/page"}],"author":[{"embeddable":true,"href":"https:\/\/uponadream.it\/en\/wp-json\/wp\/v2\/users\/1"}],"replies":[{"embeddable":true,"href":"https:\/\/uponadream.it\/en\/wp-json\/wp\/v2\/comments?post=4677"}],"version-history":[{"count":20,"href":"https:\/\/uponadream.it\/en\/wp-json\/wp\/v2\/pages\/4677\/revisions"}],"predecessor-version":[{"id":5151,"href":"https:\/\/uponadream.it\/en\/wp-json\/wp\/v2\/pages\/4677\/revisions\/5151"}],"wp:attachment":[{"href":"https:\/\/uponadream.it\/en\/wp-json\/wp\/v2\/media?parent=4677"}],"curies":[{"name":"wp","href":"https:\/\/api.w.org\/{rel}","templated":true}]}}